{"id":100,"date":"2017-04-07T16:00:31","date_gmt":"2017-04-07T19:00:31","guid":{"rendered":"http:\/\/tecnin-tecnologia.com.br\/site\/?page_id=100"},"modified":"2017-11-28T16:24:50","modified_gmt":"2017-11-28T18:24:50","slug":"tecnicas","status":"publish","type":"page","link":"http:\/\/tecnin-tecnologia.com.br\/site\/tecnicas\/","title":{"rendered":"T\u00e9cnicas"},"content":{"rendered":"<p><strong>Um conjunto de t\u00e9cnicas de manuseio e em transporte pneum\u00e1tico para atender \u00a0aos mais diversos \u00a0requisitos de projeto.<img loading=\"lazy\" decoding=\"async\" class=\"alignright size-full wp-image-226\" src=\"http:\/\/tecnin-tecnologia.com.br\/site\/wp-content\/uploads\/2017\/11\/FasesTecnin-1.jpg\" alt=\"\" width=\"420\" height=\"261\" srcset=\"http:\/\/tecnin-tecnologia.com.br\/site\/wp-content\/uploads\/2017\/11\/FasesTecnin-1.jpg 420w, http:\/\/tecnin-tecnologia.com.br\/site\/wp-content\/uploads\/2017\/11\/FasesTecnin-1-300x186.jpg 300w\" sizes=\"auto, (max-width: 420px) 100vw, 420px\" \/><\/strong><\/p>\n<p style=\"text-align: justify;\">Podemos resumir as modalidades de transfer\u00eancia pneum\u00e1tica basicamente em dois tipos :<\/p>\n<p style=\"text-align: justify;\"><span style=\"color: #ff0000;\"><b>Fase dilu\u00edda<\/b>:<\/span><\/p>\n<p style=\"text-align: justify;\">Recalque \u2013 operando em press\u00f5es baixas ou moderadas<\/p>\n<p style=\"text-align: justify;\">Aspira\u00e7\u00e3o \u2013 operando em press\u00f5es negativas (baixas ou elevadas)<\/p>\n<p style=\"text-align: justify;\">Combinado \u2013 operando em aspira\u00e7\u00e3o e recalque<\/p>\n<p style=\"text-align: justify;\">Circuito Fechado &#8211;\u00a0\u00a0 operando em aspira\u00e7\u00e3o e recalque, utilizando-se de um flu\u00eddo tratado e\/ ou neutro (ex. Nitrog\u00eanio)<\/p>\n<p style=\"text-align: justify;\"><span style=\"color: #ff0000;\"><b>Fase densa<\/b>:<\/span><\/p>\n<p style=\"text-align: justify;\">Recalque Cont\u00ednuo \u2013 operando em press\u00f5es elevadas a m\u00e9dia velocidade<\/p>\n<p style=\"text-align: justify;\">Recalque ou Aspira\u00e7\u00e3o em Ondas\u00a0 \u2013 operando em press\u00f5es elavadas a baixa velocidade<\/p>\n<p style=\"text-align: justify;\">Recalque ou Aspira\u00e7\u00e3o Pulsados \u2013 operando em press\u00f5es elevadas a baixa velocidade com ou sem inje\u00e7\u00e3o de ar<\/p>\n<p style=\"text-align: justify;\">Em <b>transporte pneum\u00e1tico <\/b>utiliza-se como meio de introdu\u00e7\u00e3o do produto \u00e0 linha: <b>Eclusa Rotativa<\/b>, <b>Injetor Venturi<\/b>, <b>Succionador<\/b>, <b>Vaso de Transferencia Sa\u00edda Superior \/ Inferior<\/b><\/p>\n<p style=\"text-align: justify;\">Habilidades complementares ao processo de transferencia pneum\u00e1tica visando integrar as fun\u00e7\u00f5es primordiais \u00e0quelas ligadas diretamente \u00e0 produ\u00e7\u00e3o, tais como:<\/p>\n<p style=\"text-align: justify;\">Estocagem de produtos em silos, dotados de sistemas de desgaseifica\u00e7\u00e3o, controle de umidade e de temepratura, seja do produto como do pr\u00f3prio ar interno ao silo ou aquele usado no transporte<\/p>\n<p style=\"text-align: justify;\">Sistemas de carregamento e descarregamento de silos, tremonhas, a partir de sacos, sacolas (1000 kg), caminh\u00f5es graneleiros (pressuriz\u00e1veis ou n\u00e3o)<\/p>\n<p style=\"text-align: justify;\">Sistemas de dosagem e de pesagem de alta precis\u00e3o, seja para produto \u00fanico ou diversos, operando por perda ou por ganho de peso, a partir de receitas pr\u00e9-definidas; integrados a estes sistemas, equipamentos que complementam\u00a0 todo o processo industrial moinhos, peneiras, secadores, resfriadores, detectores de metais, misturadores, sistema de dosagem de l\u00edquidos,\u00a0 dispostiivos\u00a0 de al\u00edvio de explos\u00e3o, etc.<\/p>\n<p style=\"text-align: justify;\">Instala\u00e7\u00f5es estanques preservando assim o pessoal da produ\u00e7\u00e3o, os ambientes interno e externo da f\u00e1brica, atendendo as regulamenta\u00e7\u00f5es do meio ambiente, \u00e0s zonas classificadas ATEX, respeito \u00e0s regras de higiene e seguran\u00e7a.<\/p>\n<p style=\"text-align: justify;\"><img loading=\"lazy\" decoding=\"async\" class=\"alignright wp-image-234\" src=\"http:\/\/tecnin-tecnologia.com.br\/site\/wp-content\/uploads\/2017\/11\/TecninGranulos.jpg\" alt=\"\" width=\"440\" height=\"324\" srcset=\"http:\/\/tecnin-tecnologia.com.br\/site\/wp-content\/uploads\/2017\/11\/TecninGranulos.jpg 890w, http:\/\/tecnin-tecnologia.com.br\/site\/wp-content\/uploads\/2017\/11\/TecninGranulos-300x221.jpg 300w, http:\/\/tecnin-tecnologia.com.br\/site\/wp-content\/uploads\/2017\/11\/TecninGranulos-768x566.jpg 768w\" sizes=\"auto, (max-width: 440px) 100vw, 440px\" \/><\/p>\n<p><img loading=\"lazy\" decoding=\"async\" class=\"alignleft wp-image-231\" src=\"http:\/\/tecnin-tecnologia.com.br\/site\/wp-content\/uploads\/2017\/11\/Imagem13.png\" alt=\"\" width=\"470\" height=\"339\" srcset=\"http:\/\/tecnin-tecnologia.com.br\/site\/wp-content\/uploads\/2017\/11\/Imagem13.png 740w, http:\/\/tecnin-tecnologia.com.br\/site\/wp-content\/uploads\/2017\/11\/Imagem13-300x216.png 300w\" sizes=\"auto, (max-width: 470px) 100vw, 470px\" \/><\/p>\n","protected":false},"excerpt":{"rendered":"<p>Um conjunto de t\u00e9cnicas de manuseio e em transporte pneum\u00e1tico para atender \u00a0aos mais diversos \u00a0requisitos de projeto. Podemos resumir as modalidades de transfer\u00eancia pneum\u00e1tica basicamente em dois tipos : Fase dilu\u00edda: Recalque \u2013 operando em press\u00f5es baixas ou moderadas<\/p>\n","protected":false},"author":1,"featured_media":0,"parent":0,"menu_order":0,"comment_status":"closed","ping_status":"closed","template":"","meta":{"footnotes":""},"class_list":["post-100","page","type-page","status-publish","hentry"],"_links":{"self":[{"href":"http:\/\/tecnin-tecnologia.com.br\/site\/wp-json\/wp\/v2\/pages\/100","targetHints":{"allow":["GET"]}}],"collection":[{"href":"http:\/\/tecnin-tecnologia.com.br\/site\/wp-json\/wp\/v2\/pages"}],"about":[{"href":"http:\/\/tecnin-tecnologia.com.br\/site\/wp-json\/wp\/v2\/types\/page"}],"author":[{"embeddable":true,"href":"http:\/\/tecnin-tecnologia.com.br\/site\/wp-json\/wp\/v2\/users\/1"}],"replies":[{"embeddable":true,"href":"http:\/\/tecnin-tecnologia.com.br\/site\/wp-json\/wp\/v2\/comments?post=100"}],"version-history":[{"count":25,"href":"http:\/\/tecnin-tecnologia.com.br\/site\/wp-json\/wp\/v2\/pages\/100\/revisions"}],"predecessor-version":[{"id":239,"href":"http:\/\/tecnin-tecnologia.com.br\/site\/wp-json\/wp\/v2\/pages\/100\/revisions\/239"}],"wp:attachment":[{"href":"http:\/\/tecnin-tecnologia.com.br\/site\/wp-json\/wp\/v2\/media?parent=100"}],"curies":[{"name":"wp","href":"https:\/\/api.w.org\/{rel}","templated":true}]}}