{"id":102,"date":"2017-04-07T16:00:59","date_gmt":"2017-04-07T19:00:59","guid":{"rendered":"http:\/\/tecnin-tecnologia.com.br\/site\/?page_id=102"},"modified":"2017-12-01T00:18:20","modified_gmt":"2017-12-01T02:18:20","slug":"campo-de-atuacao","status":"publish","type":"page","link":"http:\/\/tecnin-tecnologia.com.br\/site\/campo-de-atuacao\/","title":{"rendered":"Campo de Atua\u00e7\u00e3o"},"content":{"rendered":"<p>A parceria com a NEU trar\u00e1 maior aprimoramento t\u00e9cnico \u00e0 TECNIN de atua\u00e7\u00e3o no mercado, como tamb\u00e9m ampliar\u00e1 os seguimentos industriais<\/p>\n<p>n\u00e3o somente voltados ao manuseio de s\u00f3lidos a granel, mas como tamb\u00e9m no ramo de sistemas de desempoeiramento\u00a0 e filtros, sistemas de<\/p>\n<p>aspira\u00e7\u00e3o de fumos, sistemas de ventila\u00e7\u00e3o, tratamento de res\u00edduos s\u00f3lidos\u00a0 (papel, papel\u00e3o, etc) e ventiladores industriais .<\/p>\n<p>Adicionando a estes, a automa\u00e7\u00e3o de plantas de manuseio de gran\u00e9is, desde o recebimento dos componentes brutos at\u00e9 a embalagem do<\/p>\n<p>produto final.<\/p>\n<p>Podemos dividir as atividades do seguinte modo:<\/p>\n<p>&#8211; TECNIN \u2013 Sistemas de Manuseio a Granel e de Desempoeiramento;<\/p>\n<p><img loading=\"lazy\" decoding=\"async\" class=\"alignleft size-full wp-image-259\" src=\"http:\/\/tecnin-tecnologia.com.br\/site\/wp-content\/uploads\/2017\/12\/neu1.png\" alt=\"\" width=\"150\" height=\"58\" \/><br \/>\n&#8211; Sistemas de Manuseio a Granel Completas e Totalmente Automatizadas;<\/p>\n<p>&nbsp;<\/p>\n<p><img loading=\"lazy\" decoding=\"async\" class=\"alignleft size-full wp-image-260\" src=\"http:\/\/tecnin-tecnologia.com.br\/site\/wp-content\/uploads\/2017\/12\/neu2.png\" alt=\"\" width=\"150\" height=\"58\" \/><br \/>\n&#8211; Desempoeiramento, Filtros, Transporte e Recupera\u00e7\u00e3o de Res\u00edduos S\u00f3lidos, Sistemas de Capta\u00e7\u00e3o de Fumos, etc.;<\/p>\n<p>&nbsp;<\/p>\n<p><img loading=\"lazy\" decoding=\"async\" class=\"alignleft size-full wp-image-261\" src=\"http:\/\/tecnin-tecnologia.com.br\/site\/wp-content\/uploads\/2017\/12\/neu3.png\" alt=\"\" width=\"150\" height=\"58\" \/><br \/>\n&#8211; Ventiladores Industriais<\/p>\n<p>&nbsp;<\/p>\n<p><img loading=\"lazy\" decoding=\"async\" class=\"alignleft size-full wp-image-264\" src=\"http:\/\/tecnin-tecnologia.com.br\/site\/wp-content\/uploads\/2017\/12\/neu4-1.png\" alt=\"\" width=\"170\" height=\"58\" \/><br \/>\n&#8211; Automa\u00e7\u00e3o de processos industriais em plantas de manuseio de s\u00f3lidos a granel;<\/p>\n","protected":false},"excerpt":{"rendered":"<p>A parceria com a NEU trar\u00e1 maior aprimoramento t\u00e9cnico \u00e0 TECNIN de atua\u00e7\u00e3o no mercado, como tamb\u00e9m ampliar\u00e1 os seguimentos industriais n\u00e3o somente voltados ao manuseio de s\u00f3lidos a granel, mas como tamb\u00e9m no ramo de sistemas de desempoeiramento\u00a0 e<\/p>\n","protected":false},"author":1,"featured_media":0,"parent":0,"menu_order":0,"comment_status":"closed","ping_status":"closed","template":"","meta":{"footnotes":""},"class_list":["post-102","page","type-page","status-publish","hentry"],"_links":{"self":[{"href":"http:\/\/tecnin-tecnologia.com.br\/site\/wp-json\/wp\/v2\/pages\/102","targetHints":{"allow":["GET"]}}],"collection":[{"href":"http:\/\/tecnin-tecnologia.com.br\/site\/wp-json\/wp\/v2\/pages"}],"about":[{"href":"http:\/\/tecnin-tecnologia.com.br\/site\/wp-json\/wp\/v2\/types\/page"}],"author":[{"embeddable":true,"href":"http:\/\/tecnin-tecnologia.com.br\/site\/wp-json\/wp\/v2\/users\/1"}],"replies":[{"embeddable":true,"href":"http:\/\/tecnin-tecnologia.com.br\/site\/wp-json\/wp\/v2\/comments?post=102"}],"version-history":[{"count":12,"href":"http:\/\/tecnin-tecnologia.com.br\/site\/wp-json\/wp\/v2\/pages\/102\/revisions"}],"predecessor-version":[{"id":265,"href":"http:\/\/tecnin-tecnologia.com.br\/site\/wp-json\/wp\/v2\/pages\/102\/revisions\/265"}],"wp:attachment":[{"href":"http:\/\/tecnin-tecnologia.com.br\/site\/wp-json\/wp\/v2\/media?parent=102"}],"curies":[{"name":"wp","href":"https:\/\/api.w.org\/{rel}","templated":true}]}}