{"id":104,"date":"2017-04-07T16:01:41","date_gmt":"2017-04-07T19:01:41","guid":{"rendered":"http:\/\/tecnin-tecnologia.com.br\/site\/?page_id=104"},"modified":"2017-12-01T00:22:30","modified_gmt":"2017-12-01T02:22:30","slug":"industria-alimenticia","status":"publish","type":"page","link":"http:\/\/tecnin-tecnologia.com.br\/site\/industria-alimenticia\/","title":{"rendered":"Ind\u00fastria Aliment\u00edcia"},"content":{"rendered":"<p style=\"text-align: justify;\">Industria importante, pois dela dependem praticamente toda a popula\u00e7\u00e3o, que atrav\u00e9s do processamento de alimentos naturais tornando-os em produtos\u00a0acabados com valor agregado elevado prontos para serem consumidos ou que requeiram algum pequeno preparo.<\/p>\n<p style=\"text-align: justify;\">Aqui que encontramos a utiliza\u00e7\u00e3o maci\u00e7a de sistemas para manuseio de s\u00f3lidos a granel, pois para o preparo dos produtos acabados, uma quantidade\u00a0consider\u00e1vel de componentes, sejam eles, macro, m\u00e9dios ou minis, \u00e9 utilizada para atingir o objetivo final.<\/p>\n<p style=\"text-align: justify;\">O processo incia-se com o recebimento dos ingredientes, estes necessitam de estocagem adequada que varia de acordo com o volume de produto a ser\u00a0usado durante o processamento; a partir da estocagem os componentes s\u00e3o transferidos e passam por etapas, como estocagem tempor\u00e1ria, peneiramento,\u00a0desinfesta\u00e7\u00e3o, separadores magn\u00e9ticos, pesagem , mistura, etc.at\u00e9 chegarem nas m\u00e1quinas de embalagem.<\/p>\n<p style=\"text-align: justify;\">\u00a0Este ramo industrial abrange tanto alimentos s\u00f3lidos como l\u00edquidos, tais como comidas para lactentes, crian\u00e7as e adultos; bebidas como sucos concentrados\u00a0em p\u00f3, refrigerantes, cervejas; chocolate, doces, balas, cereais matinais, gelatinas, bolos, pudins, etc.<\/p>\n<p style=\"text-align: justify;\">Inclui-se neste ramo o manuseio de componentes no preparo de ra\u00e7\u00f5es para animais .<\/p>\n<p><img loading=\"lazy\" decoding=\"async\" class=\"alignright size-full wp-image-153\" src=\"http:\/\/tecnin-tecnologia.com.br\/site\/wp-content\/uploads\/2017\/04\/Picture1.png\" alt=\"\" width=\"592\" height=\"298\" srcset=\"http:\/\/tecnin-tecnologia.com.br\/site\/wp-content\/uploads\/2017\/04\/Picture1.png 592w, http:\/\/tecnin-tecnologia.com.br\/site\/wp-content\/uploads\/2017\/04\/Picture1-300x151.png 300w\" sizes=\"auto, (max-width: 592px) 100vw, 592px\" \/><\/p>\n<p><u>Pontos cr\u00edticos desta \u00e1rea:<\/u><\/p>\n<ul>\n<li>Gera\u00e7\u00e3o de poeiras com o manuseio<\/li>\n<li>Segrega\u00e7\u00e3o de misturas<\/li>\n<li>Fluidez irregular de alguns produtos, alguns com escoamento err\u00e1tico<\/li>\n<li>Produtos suscet\u00edveis \u00e0 umidade<\/li>\n<li>Riscos de explos\u00e3o e inc\u00eandio<\/li>\n<li>Fragilidade de alguns produtos<\/li>\n<li>Compacta\u00e7\u00e3o em camadas<\/li>\n<\/ul>\n<p><u>Produtos Normalmente Manuseados<\/u>:<\/p>\n<ul>\n<li>Farinhas<\/li>\n<li>A\u00e7\u00facar (refinado, cristal, glac\u00ea,etc)<\/li>\n<li>Gelatina<\/li>\n<li>Cacau em p\u00f3<\/li>\n<li>Gr\u00e3os em geral<\/li>\n<li>Maltodextrina<\/li>\n<\/ul>\n","protected":false},"excerpt":{"rendered":"<p>Industria importante, pois dela dependem praticamente toda a popula\u00e7\u00e3o, que atrav\u00e9s do processamento de alimentos naturais tornando-os em produtos\u00a0acabados com valor agregado elevado prontos para serem consumidos ou que requeiram algum pequeno preparo. Aqui que encontramos a utiliza\u00e7\u00e3o maci\u00e7a de<\/p>\n","protected":false},"author":1,"featured_media":0,"parent":0,"menu_order":0,"comment_status":"closed","ping_status":"closed","template":"","meta":{"footnotes":""},"class_list":["post-104","page","type-page","status-publish","hentry"],"_links":{"self":[{"href":"http:\/\/tecnin-tecnologia.com.br\/site\/wp-json\/wp\/v2\/pages\/104","targetHints":{"allow":["GET"]}}],"collection":[{"href":"http:\/\/tecnin-tecnologia.com.br\/site\/wp-json\/wp\/v2\/pages"}],"about":[{"href":"http:\/\/tecnin-tecnologia.com.br\/site\/wp-json\/wp\/v2\/types\/page"}],"author":[{"embeddable":true,"href":"http:\/\/tecnin-tecnologia.com.br\/site\/wp-json\/wp\/v2\/users\/1"}],"replies":[{"embeddable":true,"href":"http:\/\/tecnin-tecnologia.com.br\/site\/wp-json\/wp\/v2\/comments?post=104"}],"version-history":[{"count":11,"href":"http:\/\/tecnin-tecnologia.com.br\/site\/wp-json\/wp\/v2\/pages\/104\/revisions"}],"predecessor-version":[{"id":270,"href":"http:\/\/tecnin-tecnologia.com.br\/site\/wp-json\/wp\/v2\/pages\/104\/revisions\/270"}],"wp:attachment":[{"href":"http:\/\/tecnin-tecnologia.com.br\/site\/wp-json\/wp\/v2\/media?parent=104"}],"curies":[{"name":"wp","href":"https:\/\/api.w.org\/{rel}","templated":true}]}}