{"id":106,"date":"2017-04-07T16:02:00","date_gmt":"2017-04-07T19:02:00","guid":{"rendered":"http:\/\/tecnin-tecnologia.com.br\/site\/?page_id=106"},"modified":"2017-12-01T00:26:34","modified_gmt":"2017-12-01T02:26:34","slug":"industria-quimica","status":"publish","type":"page","link":"http:\/\/tecnin-tecnologia.com.br\/site\/industria-quimica\/","title":{"rendered":"Ind\u00fastria Qu\u00edmica"},"content":{"rendered":"<p>Este ramo industrial possui uma gama elevad\u00edssima de produtos s\u00f3lidos a granel, fornecendo materiais a diversos setores tais como tintas e vernizes, revestimentos, colas,\u00a0pl\u00e1sticos, embalagens etc, e dentre estas destaca-se a industria aliment\u00edcia e a farmac\u00eautica, e produtos de higiene e limpeza que transformam os componentes recebidos em\u00a0rem\u00e9dios, alimentos, sabonetes, detergentes, cosm\u00e9ticos,etc.<\/p>\n<p>A grande variedade de produtos manuseados nesta industria faz com que seja dif\u00edcil enumera-los e \u00e0s suas caracter\u00edsticas diversas, por isso a aten\u00e7\u00e3o aos detalhes do\u00a0\u00a0processo deve ser seguida \u00e0 risca possibilitando que todo o manuseio aconte\u00e7a sem qualquer percal\u00e7o atrapalhando a produ\u00e7\u00e3o, gerando paradas desnecess\u00e1rias e\u00a0\u00a0elevando os custos.<img loading=\"lazy\" decoding=\"async\" class=\"alignright wp-image-272\" src=\"http:\/\/tecnin-tecnologia.com.br\/site\/wp-content\/uploads\/2017\/12\/indQuim.png\" alt=\"\" width=\"500\" height=\"374\" srcset=\"http:\/\/tecnin-tecnologia.com.br\/site\/wp-content\/uploads\/2017\/12\/indQuim.png 402w, http:\/\/tecnin-tecnologia.com.br\/site\/wp-content\/uploads\/2017\/12\/indQuim-300x225.png 300w\" sizes=\"auto, (max-width: 500px) 100vw, 500px\" \/><\/p>\n<p><u>Pontos cr\u00edticos desta \u00e1rea:<\/u><\/p>\n<ul>\n<li>Abras\u00e3o elevada<\/li>\n<li>Segrega\u00e7\u00e3o \u2013 granulometria vari\u00e1vel<\/li>\n<li>Temperaturas elevadas de alguns produtos<\/li>\n<li>Atmosfera ambiente corrosiva, insalubre, quente<\/li>\n<li>Fluidez irregular de alguns produtos<\/li>\n<li>Ataque qu\u00edmico nos equipamentos de manuseio e estocagem<\/li>\n<li>Umidade vari\u00e1vel<\/li>\n<li>Hiogrosc\u00f3pia elevada de alguns materiais<\/li>\n<li>Odores intensos e nauseabundos<\/li>\n<li>Modifica\u00e7\u00e3o do comportamento durante o mansueio<\/li>\n<li>Riscos de explos\u00e3o e inc\u00eandio<\/li>\n<\/ul>\n<p><u>Produtos Comumente Manuseados<\/u><\/p>\n<ul>\n<li>Negro de fumo<\/li>\n<li>Carbonatos (ex carbonato de c\u00e1lcio)<\/li>\n<li>Sulfatos, sulfitos, etc, (ex sulfato de b\u00e1rio)<\/li>\n<li>Sais e \u00e1cidos<\/li>\n<li>Silicatos<\/li>\n<li>Fosfatos<\/li>\n<li>\u00d2xidos<\/li>\n<li>Compostos org\u00e2nicos e inorganicos<\/li>\n<\/ul>\n","protected":false},"excerpt":{"rendered":"<p>Este ramo industrial possui uma gama elevad\u00edssima de produtos s\u00f3lidos a granel, fornecendo materiais a diversos setores tais como tintas e vernizes, revestimentos, colas,\u00a0pl\u00e1sticos, embalagens etc, e dentre estas destaca-se a industria aliment\u00edcia e a farmac\u00eautica, e produtos de higiene<\/p>\n","protected":false},"author":1,"featured_media":0,"parent":0,"menu_order":0,"comment_status":"closed","ping_status":"closed","template":"","meta":{"footnotes":""},"class_list":["post-106","page","type-page","status-publish","hentry"],"_links":{"self":[{"href":"http:\/\/tecnin-tecnologia.com.br\/site\/wp-json\/wp\/v2\/pages\/106","targetHints":{"allow":["GET"]}}],"collection":[{"href":"http:\/\/tecnin-tecnologia.com.br\/site\/wp-json\/wp\/v2\/pages"}],"about":[{"href":"http:\/\/tecnin-tecnologia.com.br\/site\/wp-json\/wp\/v2\/types\/page"}],"author":[{"embeddable":true,"href":"http:\/\/tecnin-tecnologia.com.br\/site\/wp-json\/wp\/v2\/users\/1"}],"replies":[{"embeddable":true,"href":"http:\/\/tecnin-tecnologia.com.br\/site\/wp-json\/wp\/v2\/comments?post=106"}],"version-history":[{"count":8,"href":"http:\/\/tecnin-tecnologia.com.br\/site\/wp-json\/wp\/v2\/pages\/106\/revisions"}],"predecessor-version":[{"id":275,"href":"http:\/\/tecnin-tecnologia.com.br\/site\/wp-json\/wp\/v2\/pages\/106\/revisions\/275"}],"wp:attachment":[{"href":"http:\/\/tecnin-tecnologia.com.br\/site\/wp-json\/wp\/v2\/media?parent=106"}],"curies":[{"name":"wp","href":"https:\/\/api.w.org\/{rel}","templated":true}]}}