{"id":108,"date":"2017-04-07T16:02:26","date_gmt":"2017-04-07T19:02:26","guid":{"rendered":"http:\/\/tecnin-tecnologia.com.br\/site\/?page_id=108"},"modified":"2017-12-01T00:29:30","modified_gmt":"2017-12-01T02:29:30","slug":"industria-do-plastico","status":"publish","type":"page","link":"http:\/\/tecnin-tecnologia.com.br\/site\/industria-do-plastico\/","title":{"rendered":"Ind\u00fastria do Pl\u00e1stico"},"content":{"rendered":"<p>\u00c9 um ramo industrial que vem cada vez mais ganhando espa\u00e7o e substituindo outros materiais em diversos processos industriais, seja por motivos economicos, redu\u00e7\u00e3o de\u00a0\u00a0peso, pela facilidade da moldagem, pela praticidade, etc.<\/p>\n<p>Tudo isso faz com que a procura pelo uso de materiais tenha crescido bastante e o seu manuseio tornou-se importante com solu\u00e7\u00f5es espec\u00edficas e equipamentos dedicados\u00a0compondo sistemas de movimenta\u00e7\u00e3o dos gran\u00e9is pl\u00e1sticos desde dos fabricantes dos p\u00f3s e granulados que geram materiais com caracter\u00edsticas pr\u00f3prias para cada uso\u00a0industrial at\u00e9 os transformadores que a partir desses materiais fabricam pe\u00e7as para autom\u00f3veis, computadores, embalagens, f\u00e1rmacos, telefonia dentre outros.<\/p>\n<p><img loading=\"lazy\" decoding=\"async\" class=\"alignright wp-image-162\" src=\"http:\/\/tecnin-tecnologia.com.br\/site\/wp-content\/uploads\/2017\/04\/Picture2.jpg\" alt=\"\" width=\"500\" height=\"363\" srcset=\"http:\/\/tecnin-tecnologia.com.br\/site\/wp-content\/uploads\/2017\/04\/Picture2.jpg 380w, http:\/\/tecnin-tecnologia.com.br\/site\/wp-content\/uploads\/2017\/04\/Picture2-300x218.jpg 300w\" sizes=\"auto, (max-width: 500px) 100vw, 500px\" \/><\/p>\n<p><u>Pontos cr\u00edticos desta \u00e1rea:<\/u><\/p>\n<ul>\n<li>Forma\u00e7\u00e3o de poeiras e tiras devido ao atrito no transporte (cabelos de anjo)<\/li>\n<li>Segrega\u00e7\u00e3o \u2013 granulometria vari\u00e1vel<\/li>\n<li>Limita\u00e7\u00e3o de temperatura para o manuseio de alguns produtos<\/li>\n<li>Emiss\u00e3o de fluidos vol\u00e1teis ap\u00f3s fabrica\u00e7\u00e3o<\/li>\n<li>Fluidez irregular de alguns produtos<\/li>\n<\/ul>\n<p><u>Produtos Normalmente Manuseados<\/u>:<\/p>\n<ul>\n<li>Polietileno (baixa e alta densidades)<\/li>\n<li>Polipropileno<\/li>\n<li>Nylon<\/li>\n<li>Poliester<\/li>\n<li>Pl\u00e1stico ABS<\/li>\n<li>Granulados de borracha<\/li>\n<li>Poliestireno (PS)<\/li>\n<li>Polietileno terefit\u00e1lico (PET)<\/li>\n<li>PVC<\/li>\n<\/ul>\n","protected":false},"excerpt":{"rendered":"<p>\u00c9 um ramo industrial que vem cada vez mais ganhando espa\u00e7o e substituindo outros materiais em diversos processos industriais, seja por motivos economicos, redu\u00e7\u00e3o de\u00a0\u00a0peso, pela facilidade da moldagem, pela praticidade, etc. Tudo isso faz com que a procura pelo<\/p>\n","protected":false},"author":1,"featured_media":0,"parent":0,"menu_order":0,"comment_status":"closed","ping_status":"closed","template":"","meta":{"footnotes":""},"class_list":["post-108","page","type-page","status-publish","hentry"],"_links":{"self":[{"href":"http:\/\/tecnin-tecnologia.com.br\/site\/wp-json\/wp\/v2\/pages\/108","targetHints":{"allow":["GET"]}}],"collection":[{"href":"http:\/\/tecnin-tecnologia.com.br\/site\/wp-json\/wp\/v2\/pages"}],"about":[{"href":"http:\/\/tecnin-tecnologia.com.br\/site\/wp-json\/wp\/v2\/types\/page"}],"author":[{"embeddable":true,"href":"http:\/\/tecnin-tecnologia.com.br\/site\/wp-json\/wp\/v2\/users\/1"}],"replies":[{"embeddable":true,"href":"http:\/\/tecnin-tecnologia.com.br\/site\/wp-json\/wp\/v2\/comments?post=108"}],"version-history":[{"count":7,"href":"http:\/\/tecnin-tecnologia.com.br\/site\/wp-json\/wp\/v2\/pages\/108\/revisions"}],"predecessor-version":[{"id":278,"href":"http:\/\/tecnin-tecnologia.com.br\/site\/wp-json\/wp\/v2\/pages\/108\/revisions\/278"}],"wp:attachment":[{"href":"http:\/\/tecnin-tecnologia.com.br\/site\/wp-json\/wp\/v2\/media?parent=108"}],"curies":[{"name":"wp","href":"https:\/\/api.w.org\/{rel}","templated":true}]}}