{"id":114,"date":"2017-04-07T16:03:44","date_gmt":"2017-04-07T19:03:44","guid":{"rendered":"http:\/\/tecnin-tecnologia.com.br\/site\/?page_id=114"},"modified":"2018-01-31T11:03:26","modified_gmt":"2018-01-31T13:03:26","slug":"consultoria-tecnica","status":"publish","type":"page","link":"http:\/\/tecnin-tecnologia.com.br\/site\/consultoria-tecnica\/","title":{"rendered":"Consultoria T\u00e9cnica"},"content":{"rendered":"<ul>\n<li style=\"text-align: justify;\">A consultoria no manuseio de s\u00f3lidos a granel \u00e9 importante para implementa\u00e7\u00e3o de solu\u00e7\u00f5es simples e efetivas para os produtos manuseados, lembrando que os problemas decorrentes do manuseio se devem \u00e0s an\u00e1lises simplificadas e \u00e0 pouca import\u00e2ncia dada \u00e0 quest\u00e3o, tendo como consequ\u00eancias, queda de efici\u00eancia da instala\u00e7\u00e3o, aumento de manuten\u00e7\u00e3o e chegando inclusive \u00e0 parada da planta.<\/li>\n<\/ul>\n<ul style=\"text-align: justify;\">\n<li>Apoio t\u00e9cnico seja para plantas novas, seja para plantas existentes em ambos os casos colocamos nossa experi\u00eancia de modo se obter a melhor solu\u00e7\u00e3o para o projeto com o menor investimento.<\/li>\n<\/ul>\n<ul style=\"text-align: justify;\">\n<li>No caso de plantas novas, passamos as diretrizes t\u00e9cnicas necess\u00e1rias para elabora\u00e7\u00e3o do projeto de implanta\u00e7\u00e3o da instala\u00e7\u00e3o, tais como recebimento de produtos a granel, estocagem principal, estocagem di\u00e1ria, peneiramento, separa\u00e7\u00e3o de metais, dosagem, pesagem, mistura, e claro entre as respectivas etapas citadas as transfer\u00eancias via transporte pneum\u00e1tico.<\/li>\n<\/ul>\n<ul style=\"text-align: justify;\">\n<li>Acompanhamento do projeto na fase de detalhamento, para inserir em cada tipo de equipamento o melhor modo de introduzir e extrair os produtos evitando-se assim problemas de fluxo (falta e excesso); com a ado\u00e7\u00e3o de solu\u00e7\u00f5es de f\u00e1cil manuten\u00e7\u00e3o e baixo investimento. Isto assegura que as nossas recomenda\u00e7\u00f5es sejam seguidas precisamente evitando que nenhum detalhe cr\u00edtico seja negligenciado.<\/li>\n<\/ul>\n<ul style=\"text-align: justify;\">\n<li>Para plantas existentes, fazemos an\u00e1lise cr\u00edtica do projeto como um todo, visando encontrar os pontos que causam anomalias no processo, como por exemplo falta de capacidade de transfer\u00eancia, desgaste excessivo de equipamentos, altera\u00e7\u00e3o da granulometria de produto, falta de escoamento, segrega\u00e7\u00e3o, etc.<\/li>\n<\/ul>\n<ul style=\"text-align: justify;\">\n<li>Identificado o problema, damos andamento \u00e0 solu\u00e7\u00e3o espec\u00edfica que poder\u00e1 implicar em modifica\u00e7\u00f5es f\u00edsicas ou de processo.<\/li>\n<\/ul>\n<ul style=\"text-align: justify;\">\n<li>Salientando que todo s\u00f3lido a granel tem caracter\u00edsticas \u00fanicas, portanto isto implica em solu\u00e7\u00f5es especificas para o manuseio.<\/li>\n<\/ul>\n<ul>\n<li style=\"text-align: justify;\">A inclus\u00e3o e implementa\u00e7\u00e3o de melhorias em plantas existentes nem sempre existem problemas, como aqueles citados, mas sim \u00e9 requerido um estudo para introdu\u00e7\u00e3o de um novo produto a granel, amplia\u00e7\u00e3o da capacidade de produ\u00e7\u00e3o, rearranjo dos equipamentos no processo, introdu\u00e7\u00e3o de equipamento no processo por quest\u00f5es de seguran\u00e7a (tanto dos operadores, como dos consumidores), por exig\u00eancia de org\u00e3o fiscalizador ou mesmo pela simples melhoria do produto final.<\/li>\n<\/ul>\n<p><img loading=\"lazy\" decoding=\"async\" class=\"aligncenter wp-image-184\" src=\"http:\/\/tecnin-tecnologia.com.br\/site\/wp-content\/uploads\/2017\/04\/DE_C__c57-300x126.jpg\" alt=\"\" width=\"970\" height=\"407\" srcset=\"http:\/\/tecnin-tecnologia.com.br\/site\/wp-content\/uploads\/2017\/04\/DE_C__c57-300x126.jpg 300w, http:\/\/tecnin-tecnologia.com.br\/site\/wp-content\/uploads\/2017\/04\/DE_C__c57-768x322.jpg 768w, http:\/\/tecnin-tecnologia.com.br\/site\/wp-content\/uploads\/2017\/04\/DE_C__c57.jpg 980w\" sizes=\"auto, (max-width: 970px) 100vw, 970px\" \/><\/p>\n","protected":false},"excerpt":{"rendered":"<p>A consultoria no manuseio de s\u00f3lidos a granel \u00e9 importante para implementa\u00e7\u00e3o de solu\u00e7\u00f5es simples e efetivas para os produtos manuseados, lembrando que os problemas decorrentes do manuseio se devem \u00e0s an\u00e1lises simplificadas e \u00e0 pouca import\u00e2ncia dada \u00e0 quest\u00e3o,<\/p>\n","protected":false},"author":1,"featured_media":0,"parent":0,"menu_order":0,"comment_status":"closed","ping_status":"closed","template":"","meta":{"footnotes":""},"class_list":["post-114","page","type-page","status-publish","hentry"],"_links":{"self":[{"href":"http:\/\/tecnin-tecnologia.com.br\/site\/wp-json\/wp\/v2\/pages\/114","targetHints":{"allow":["GET"]}}],"collection":[{"href":"http:\/\/tecnin-tecnologia.com.br\/site\/wp-json\/wp\/v2\/pages"}],"about":[{"href":"http:\/\/tecnin-tecnologia.com.br\/site\/wp-json\/wp\/v2\/types\/page"}],"author":[{"embeddable":true,"href":"http:\/\/tecnin-tecnologia.com.br\/site\/wp-json\/wp\/v2\/users\/1"}],"replies":[{"embeddable":true,"href":"http:\/\/tecnin-tecnologia.com.br\/site\/wp-json\/wp\/v2\/comments?post=114"}],"version-history":[{"count":9,"href":"http:\/\/tecnin-tecnologia.com.br\/site\/wp-json\/wp\/v2\/pages\/114\/revisions"}],"predecessor-version":[{"id":324,"href":"http:\/\/tecnin-tecnologia.com.br\/site\/wp-json\/wp\/v2\/pages\/114\/revisions\/324"}],"wp:attachment":[{"href":"http:\/\/tecnin-tecnologia.com.br\/site\/wp-json\/wp\/v2\/media?parent=114"}],"curies":[{"name":"wp","href":"https:\/\/api.w.org\/{rel}","templated":true}]}}