{"id":118,"date":"2017-04-07T16:04:19","date_gmt":"2017-04-07T19:04:19","guid":{"rendered":"http:\/\/tecnin-tecnologia.com.br\/site\/?page_id=118"},"modified":"2018-01-31T11:04:59","modified_gmt":"2018-01-31T13:04:59","slug":"mediacao-e-situacoes-de-litigio","status":"publish","type":"page","link":"http:\/\/tecnin-tecnologia.com.br\/site\/mediacao-e-situacoes-de-litigio\/","title":{"rendered":"Media\u00e7\u00e3o e Situa\u00e7\u00f5es de Lit\u00edgio"},"content":{"rendered":"<p style=\"text-align: justify;\">Existem quest\u00f5es entre as partes (COMPRADOR E VENDEDOR) que muitas vezes geram disputas comerciais\u00a0(eventualmente judiciais) devido a impasses. Tais quest\u00f5es trazem um desgaste comercial e \u00e0s vezes pessoal devidos\u00a0pontos n\u00e3o devidamente esclarecidos em contratos, propostas, pedidos de compra, afirmativas e negativas ditas em\u00a0reuni\u00f5es t\u00e9cnicas\/ comerciais, etc.<\/p>\n<p style=\"text-align: justify;\">Podemos citar como exemplos, os seguintes problemas, falta de capacidade de transfer\u00eancia, quebra excessiva de\u00a0produtos, segrega\u00e7\u00e3o de misturas . segrega\u00e7\u00e3o granulom\u00e9trica, instala\u00e7\u00e3o n\u00e3o entregue como prevista em contrato ou\u00a0projeto, inc\u00eandios e explos\u00f5es n\u00e3o citados como riscos eventuais ou mesmo iminentes, equipamentos inadequados,\u00a0desgaste excessivo por abras\u00e3o de equipamentos e\/ou tubula\u00e7\u00f5es, falhas estruturais em silos, vasos, etc.<\/p>\n<p style=\"text-align: justify;\">Para que as quest\u00f5es sejam resolvidas a contento e as partes assumam as respectivas responsabilidades, a TECNIN\u00a0atua como mediador buscando resolver os problemas com a maior lisura e neutralidade obtendo a solu\u00e7\u00e3o mais adequada\u00a0para os envolvidos, de modo a manter a rela\u00e7\u00e3o comercial j\u00e1 existente, tornando-a mais s\u00f3lida e mais duradoura.<\/p>\n<p><img loading=\"lazy\" decoding=\"async\" class=\"aligncenter wp-image-197 size-full\" src=\"http:\/\/tecnin-tecnologia.com.br\/site\/wp-content\/uploads\/2017\/04\/F001-C14.jpg\" alt=\"\" width=\"620\" height=\"465\" srcset=\"http:\/\/tecnin-tecnologia.com.br\/site\/wp-content\/uploads\/2017\/04\/F001-C14.jpg 620w, http:\/\/tecnin-tecnologia.com.br\/site\/wp-content\/uploads\/2017\/04\/F001-C14-300x225.jpg 300w\" sizes=\"auto, (max-width: 620px) 100vw, 620px\" \/><\/p>\n","protected":false},"excerpt":{"rendered":"<p>Existem quest\u00f5es entre as partes (COMPRADOR E VENDEDOR) que muitas vezes geram disputas comerciais\u00a0(eventualmente judiciais) devido a impasses. Tais quest\u00f5es trazem um desgaste comercial e \u00e0s vezes pessoal devidos\u00a0pontos n\u00e3o devidamente esclarecidos em contratos, propostas, pedidos de compra, afirmativas e<\/p>\n","protected":false},"author":1,"featured_media":0,"parent":0,"menu_order":0,"comment_status":"closed","ping_status":"closed","template":"","meta":{"footnotes":""},"class_list":["post-118","page","type-page","status-publish","hentry"],"_links":{"self":[{"href":"http:\/\/tecnin-tecnologia.com.br\/site\/wp-json\/wp\/v2\/pages\/118","targetHints":{"allow":["GET"]}}],"collection":[{"href":"http:\/\/tecnin-tecnologia.com.br\/site\/wp-json\/wp\/v2\/pages"}],"about":[{"href":"http:\/\/tecnin-tecnologia.com.br\/site\/wp-json\/wp\/v2\/types\/page"}],"author":[{"embeddable":true,"href":"http:\/\/tecnin-tecnologia.com.br\/site\/wp-json\/wp\/v2\/users\/1"}],"replies":[{"embeddable":true,"href":"http:\/\/tecnin-tecnologia.com.br\/site\/wp-json\/wp\/v2\/comments?post=118"}],"version-history":[{"count":5,"href":"http:\/\/tecnin-tecnologia.com.br\/site\/wp-json\/wp\/v2\/pages\/118\/revisions"}],"predecessor-version":[{"id":326,"href":"http:\/\/tecnin-tecnologia.com.br\/site\/wp-json\/wp\/v2\/pages\/118\/revisions\/326"}],"wp:attachment":[{"href":"http:\/\/tecnin-tecnologia.com.br\/site\/wp-json\/wp\/v2\/media?parent=118"}],"curies":[{"name":"wp","href":"https:\/\/api.w.org\/{rel}","templated":true}]}}