{"id":279,"date":"2017-12-01T00:32:19","date_gmt":"2017-12-01T02:32:19","guid":{"rendered":"http:\/\/tecnin-tecnologia.com.br\/site\/?page_id=279"},"modified":"2018-01-31T11:20:42","modified_gmt":"2018-01-31T13:20:42","slug":"outras-industrias","status":"publish","type":"page","link":"http:\/\/tecnin-tecnologia.com.br\/site\/outras-industrias\/","title":{"rendered":"Outras Ind\u00fastrias"},"content":{"rendered":"<div class=\"wpb-content-wrapper\"><p>[vc_row][vc_column][vc_column_text]<\/p>\n<p style=\"text-align: justify;\">Neste campo pode-se englobar diversas ind\u00fastrias, tais como, minerais, sider\u00fargicas, alum\u00ednio, cimenteiras, fundi\u00e7\u00f5es, vidro, madeira, usinas de energia,\u00a0\u00a0dentre outras; Aqui encontramos a industria de base, que vem ampliando ao longo dos anos e buscando solu\u00e7\u00f5es para uso de materiais acabados dos mais\u00a0variados e com n\u00edvel de exig\u00eancia cada vez maior do mercado; em vista disso os produtos a granel fazem parte deste ramo com as caracter\u00edsticas diversas\u00a0variadas o que demanda solu\u00e7\u00f5es espec\u00edficas visando atender \u00e0s necessidades de cada processo.<\/p>\n<p style=\"text-align: justify;\"><img loading=\"lazy\" decoding=\"async\" class=\"alignright wp-image-282\" src=\"http:\/\/tecnin-tecnologia.com.br\/site\/wp-content\/uploads\/2017\/12\/outInd.png\" alt=\"\" width=\"500\" height=\"474\" srcset=\"http:\/\/tecnin-tecnologia.com.br\/site\/wp-content\/uploads\/2017\/12\/outInd.png 489w, http:\/\/tecnin-tecnologia.com.br\/site\/wp-content\/uploads\/2017\/12\/outInd-300x285.png 300w\" sizes=\"auto, (max-width: 500px) 100vw, 500px\" \/><\/p>\n<p><u>Pontos cr\u00edticos desta \u00e1rea:<\/u><\/p>\n<ul>\n<li>Abras\u00e3o elevada<\/li>\n<li>Granulometria muito irregular<\/li>\n<li>Forma das part\u00edculas vari\u00e1vel<\/li>\n<li>Escoamento irregular (\u00e0s vezes err\u00e1ticos) de alguns produtos<\/li>\n<li>Ataque qu\u00edmico aos equipamentos de manuseio e estocagem<\/li>\n<li>Umidade vari\u00e1vel<\/li>\n<li>Higrosc\u00f3pia elevada de alguns produtos<\/li>\n<\/ul>\n<p><u>Produtos Normalmente Manuseados<\/u>:<\/p>\n<ul>\n<li>Cimento, argila, gesso, cinzas, clinker<\/li>\n<li>Min\u00e9rio de ferro<\/li>\n<li>Bauxita<\/li>\n<li>Alumina<\/li>\n<li>Carbonato de c\u00e1lcio<\/li>\n<li>Areia<\/li>\n<li>Bentonita<\/li>\n<li>P\u00f3s met\u00e1licos<\/li>\n<li>Carv\u00e3o (vegetal e mineral)<\/li>\n<\/ul>\n<p>[\/vc_column_text][\/vc_column][\/vc_row]<\/p>\n<\/div>","protected":false},"excerpt":{"rendered":"<p>[vc_row][vc_column][vc_column_text] Neste campo pode-se englobar diversas ind\u00fastrias, tais como, minerais, sider\u00fargicas, alum\u00ednio, cimenteiras, fundi\u00e7\u00f5es, vidro, madeira, usinas de energia,\u00a0\u00a0dentre outras; Aqui encontramos a industria de base, que vem ampliando ao longo dos anos e buscando solu\u00e7\u00f5es para uso de materiais<\/p>\n","protected":false},"author":1,"featured_media":0,"parent":0,"menu_order":0,"comment_status":"closed","ping_status":"closed","template":"","meta":{"footnotes":""},"class_list":["post-279","page","type-page","status-publish","hentry"],"_links":{"self":[{"href":"http:\/\/tecnin-tecnologia.com.br\/site\/wp-json\/wp\/v2\/pages\/279","targetHints":{"allow":["GET"]}}],"collection":[{"href":"http:\/\/tecnin-tecnologia.com.br\/site\/wp-json\/wp\/v2\/pages"}],"about":[{"href":"http:\/\/tecnin-tecnologia.com.br\/site\/wp-json\/wp\/v2\/types\/page"}],"author":[{"embeddable":true,"href":"http:\/\/tecnin-tecnologia.com.br\/site\/wp-json\/wp\/v2\/users\/1"}],"replies":[{"embeddable":true,"href":"http:\/\/tecnin-tecnologia.com.br\/site\/wp-json\/wp\/v2\/comments?post=279"}],"version-history":[{"count":27,"href":"http:\/\/tecnin-tecnologia.com.br\/site\/wp-json\/wp\/v2\/pages\/279\/revisions"}],"predecessor-version":[{"id":339,"href":"http:\/\/tecnin-tecnologia.com.br\/site\/wp-json\/wp\/v2\/pages\/279\/revisions\/339"}],"wp:attachment":[{"href":"http:\/\/tecnin-tecnologia.com.br\/site\/wp-json\/wp\/v2\/media?parent=279"}],"curies":[{"name":"wp","href":"https:\/\/api.w.org\/{rel}","templated":true}]}}