{"id":327,"date":"2018-01-31T11:09:09","date_gmt":"2018-01-31T13:09:09","guid":{"rendered":"http:\/\/tecnin-tecnologia.com.br\/site\/?page_id=327"},"modified":"2018-01-31T12:04:42","modified_gmt":"2018-01-31T14:04:42","slug":"neu","status":"publish","type":"page","link":"http:\/\/tecnin-tecnologia.com.br\/site\/neu\/","title":{"rendered":"NEU"},"content":{"rendered":"<div class=\"wpb-content-wrapper\"><p>[vc_row][vc_column width=&#8221;1\/2&#8243;][vc_single_image image=&#8221;255&#8243; img_size=&#8221;500&#215;195&#8243;][\/vc_column][vc_column width=&#8221;1\/2&#8243;][vc_column_text]<\/p>\n<h2>Ventiladores Industriais para as mais variadas aplica\u00e7\u00f5es<\/h2>\n<ul>\n<li style=\"text-align: left;\">Vaz\u00f5es at\u00e9 200 m\u00b3\/s;<\/li>\n<li style=\"text-align: left;\">Press\u00f5es at\u00e9 20.000 Pa<\/li>\n<li style=\"text-align: left;\">Pot\u00eancias entre 7,5 e &lt; 1.000 kw<\/li>\n<li style=\"text-align: left;\">Temperaturas de opera\u00e7\u00e3o: &#8211; 50 a 800\u00b0C<\/li>\n<li style=\"text-align: left;\">39 tipos de rotores;<\/li>\n<li style=\"text-align: left;\">20 Tamanhos normalizados de rotores;<\/li>\n<li style=\"text-align: left;\">6 Perfis de p\u00e1s;<\/li>\n<li style=\"text-align: left;\">26 Arranjos construtivos;<\/li>\n<li style=\"text-align: left;\">Os mais diversos materiais de fabrica\u00e7\u00e3o;<\/li>\n<\/ul>\n<p>[\/vc_column_text][\/vc_column][\/vc_row][vc_row][vc_column width=&#8221;1\/2&#8243;][vc_single_image image=&#8221;301&#8243; img_size=&#8221;400&#215;363&#8243;][vc_column_text css=&#8221;.vc_custom_1517404721764{margin-top: -40px !important;}&#8221;]Ventilador Centr\u00edfugo com Registro Radial[\/vc_column_text][\/vc_column][vc_column width=&#8221;1\/2&#8243;][vc_single_image image=&#8221;296&#8243; img_size=&#8221;531&#215;412&#8243;][vc_column_text css=&#8221;.vc_custom_1517404783882{margin-top: -40px !important;}&#8221;]Ventilador\u00a0 para\u00a0 Altas Temperaturas[\/vc_column_text][\/vc_column][\/vc_row][vc_row][vc_column][vc_separator][\/vc_column][\/vc_row][vc_row][vc_column width=&#8221;2\/4&#8243;][vc_single_image image=&#8221;254&#8243; img_size=&#8221;500&#215;195&#8243;][\/vc_column][vc_column width=&#8221;1\/4&#8243;][vc_single_image image=&#8221;341&#8243; img_size=&#8221;281&#215;183&#8243;][vc_column_text css=&#8221;.vc_custom_1517406547360{margin-top: -40px !important;}&#8221;]Sistema de Desempoeiramento \u2013 Industria Cer\u00e2mica[\/vc_column_text][\/vc_column][vc_column width=&#8221;1\/4&#8243;][vc_single_image image=&#8221;343&#8243; img_size=&#8221;261&#215;196&#8243;][vc_column_text css=&#8221;.vc_custom_1517406557468{margin-top: -40px !important;}&#8221;]Sistema de Desempoeiramento + coleta dos rejeitos com transporte pneum\u00e1tico[\/vc_column_text][\/vc_column][\/vc_row][vc_row][vc_column width=&#8221;1\/2&#8243;][vc_column_text]\u00c1reas de Dom\u00ednio:<\/p>\n<ul>\n<li>Ventila\u00e7\u00e3o Industrial;<\/li>\n<li>Desempoeiramento e Aspira\u00e7\u00e3o Centralizada;<\/li>\n<li>Capta\u00e7\u00e3o e Transporte de Res\u00edduos de Produ\u00e7\u00e3o;<\/li>\n<li>Filtra\u00e7\u00e3o de N\u00e9voas de \u00d3leo;<\/li>\n<li>Descontamina\u00e7\u00e3o Micro Biol\u00f3gica;<\/li>\n<li>Climatiza\u00e7\u00e3o Natural;<\/li>\n<\/ul>\n<p>[\/vc_column_text][\/vc_column][vc_column width=&#8221;1\/2&#8243;][vc_single_image image=&#8221;351&#8243; img_size=&#8221;531&#215;310&#8243;][vc_column_text css=&#8221;.vc_custom_1517406568280{margin-top: -40px !important;}&#8221;]Sistema de Coleta e Transporte de Res\u00edduos S\u00f3lidos[\/vc_column_text][\/vc_column][\/vc_row][vc_row][vc_column][vc_separator][\/vc_column][\/vc_row][vc_row][vc_column width=&#8221;1\/2&#8243;][vc_single_image image=&#8221;256&#8243; img_size=&#8221;500&#215;195&#8243;][\/vc_column][vc_column width=&#8221;1\/2&#8243;][vc_column_text]<\/p>\n<ul>\n<li>Especializada em projetos de automa\u00e7\u00e3o industrial;<\/li>\n<li>Controladores\u00a0 L\u00f3gicos Program\u00e1veis;<\/li>\n<li>Supervis\u00f3rio;<\/li>\n<li>Redes Industriais;<\/li>\n<li>Desenvolvimento de sistemas de bateladas [NEUBATCH];<\/li>\n<li>Solu\u00e7\u00f5es de receitas e rastreamento (S88);<\/li>\n<li>Redes Infom\u00e1ticas a cabo, r\u00e1dio;<\/li>\n<li>Desenvolvimento espec\u00edfico (internet,\u00a0 redes, etc);<\/li>\n<li>Aplica\u00e7\u00f5es de base de dados;<\/li>\n<li>Solu\u00e7\u00e3o cliente \/ servidor;<\/li>\n<\/ul>\n<p>[\/vc_column_text][\/vc_column][\/vc_row][vc_row][vc_column width=&#8221;1\/2&#8243;][vc_single_image image=&#8221;361&#8243; img_size=&#8221;479&#215;352&#8243;][vc_column_text css=&#8221;.vc_custom_1517407478356{margin-top: -66px !important;}&#8221;]Tela de Interface e Comando[\/vc_column_text][\/vc_column][vc_column width=&#8221;1\/2&#8243;][vc_single_image image=&#8221;362&#8243; img_size=&#8221;520&#215;327&#8243; css=&#8221;.vc_custom_1517407373585{margin-top: 26px !important;}&#8221;][vc_column_text css=&#8221;.vc_custom_1517407443046{margin-top: -40px !important;}&#8221;]Sistema Supervis\u00f3rio[\/vc_column_text][\/vc_column][\/vc_row]<\/p>\n<\/div>","protected":false},"excerpt":{"rendered":"<p>[vc_row][vc_column width=&#8221;1\/2&#8243;][vc_single_image image=&#8221;255&#8243; img_size=&#8221;500&#215;195&#8243;][\/vc_column][vc_column width=&#8221;1\/2&#8243;][vc_column_text] Ventiladores Industriais para as mais variadas aplica\u00e7\u00f5es Vaz\u00f5es at\u00e9 200 m\u00b3\/s; Press\u00f5es at\u00e9 20.000 Pa Pot\u00eancias entre 7,5 e &lt; 1.000 kw Temperaturas de opera\u00e7\u00e3o: &#8211; 50 a 800\u00b0C 39 tipos de rotores; 20 Tamanhos<\/p>\n","protected":false},"author":1,"featured_media":0,"parent":0,"menu_order":0,"comment_status":"closed","ping_status":"closed","template":"","meta":{"footnotes":""},"class_list":["post-327","page","type-page","status-publish","hentry"],"_links":{"self":[{"href":"http:\/\/tecnin-tecnologia.com.br\/site\/wp-json\/wp\/v2\/pages\/327","targetHints":{"allow":["GET"]}}],"collection":[{"href":"http:\/\/tecnin-tecnologia.com.br\/site\/wp-json\/wp\/v2\/pages"}],"about":[{"href":"http:\/\/tecnin-tecnologia.com.br\/site\/wp-json\/wp\/v2\/types\/page"}],"author":[{"embeddable":true,"href":"http:\/\/tecnin-tecnologia.com.br\/site\/wp-json\/wp\/v2\/users\/1"}],"replies":[{"embeddable":true,"href":"http:\/\/tecnin-tecnologia.com.br\/site\/wp-json\/wp\/v2\/comments?post=327"}],"version-history":[{"count":35,"href":"http:\/\/tecnin-tecnologia.com.br\/site\/wp-json\/wp\/v2\/pages\/327\/revisions"}],"predecessor-version":[{"id":369,"href":"http:\/\/tecnin-tecnologia.com.br\/site\/wp-json\/wp\/v2\/pages\/327\/revisions\/369"}],"wp:attachment":[{"href":"http:\/\/tecnin-tecnologia.com.br\/site\/wp-json\/wp\/v2\/media?parent=327"}],"curies":[{"name":"wp","href":"https:\/\/api.w.org\/{rel}","templated":true}]}}