{"id":62,"date":"2017-03-31T18:35:06","date_gmt":"2017-03-31T21:35:06","guid":{"rendered":"http:\/\/tecnin-tecnologia.com.br\/site\/?page_id=62"},"modified":"2017-11-30T23:52:12","modified_gmt":"2017-12-01T01:52:12","slug":"empresa","status":"publish","type":"page","link":"http:\/\/tecnin-tecnologia.com.br\/site\/empresa\/","title":{"rendered":"Empresa"},"content":{"rendered":"<p style=\"text-align: justify;\"><img loading=\"lazy\" decoding=\"async\" class=\"alignright wp-image-216 size-medium\" src=\"http:\/\/tecnin-tecnologia.com.br\/site\/wp-content\/uploads\/2017\/11\/Imagem11-300x251.jpg\" alt=\"\" width=\"300\" height=\"251\" srcset=\"http:\/\/tecnin-tecnologia.com.br\/site\/wp-content\/uploads\/2017\/11\/Imagem11-300x251.jpg 300w, http:\/\/tecnin-tecnologia.com.br\/site\/wp-content\/uploads\/2017\/11\/Imagem11.jpg 367w\" sizes=\"auto, (max-width: 300px) 100vw, 300px\" \/>A TECNIN \u00e9 uma empresa brasileira que atua no mercado h\u00e1 mais de 15 anos, especialmente voltada a\u00a0 projetos de engenharia e consultoria para as \u00e1reas de manuseio de s\u00f3lidos a granel, transporte pneum\u00e1tico, despoeriamento e ventila\u00e7\u00e3o industrial.<\/p>\n<p style=\"text-align: justify;\">Em busca constante do melhor atendimento\u00a0 no fornecimento de seus servi\u00e7os atua com alto padr\u00e3o de qualidade visando atender \u00e0s necessidades do cliente entregando a eles, solu\u00e7\u00f5es criativas, de alto desempenho produtivo e investimento adequado.<\/p>\n<p style=\"text-align: justify;\">Al\u00e9m disso, todos os projetos sejam eles, novos (uma f\u00e1brica em fase de implanta\u00e7\u00e3o ou uma planta existente que requeriam modifica\u00e7\u00f5es pelas mais diversas raz\u00f5es) s\u00e3o estudados a fundo de modo em buscas de solu\u00e7\u00f5es espec\u00edficas para o caso em quest\u00e3o visando atender as necessidades m\u00ednimas requeridas pelo processo.<\/p>\n<p style=\"text-align: justify;\">TECNIN \u00e9 v\u00ednculo essencial que une as necessidades de processo do cliente aos fornecedores de equipamentos , proporcionado solu\u00e7\u00e3o \u00fanica e confi\u00e1vel,.<\/p>\n<p style=\"text-align: justify;\">Da concep\u00e7\u00e3o \u00e0 opera\u00e7\u00e3o de f\u00e1brica, toda a habilidade t\u00e9cnica de uma longa viv\u00eancia industrial \u00e9 inserida\u00a0 no projeto.<\/p>\n<p><img loading=\"lazy\" decoding=\"async\" class=\"alignleft size-medium wp-image-85\" src=\"http:\/\/tecnin-tecnologia.com.br\/site\/wp-content\/uploads\/2017\/03\/06-pneumatic-conveying-242x300.jpg\" alt=\"\" width=\"242\" height=\"300\" srcset=\"http:\/\/tecnin-tecnologia.com.br\/site\/wp-content\/uploads\/2017\/03\/06-pneumatic-conveying-242x300.jpg 242w, http:\/\/tecnin-tecnologia.com.br\/site\/wp-content\/uploads\/2017\/03\/06-pneumatic-conveying.jpg 565w\" sizes=\"auto, (max-width: 242px) 100vw, 242px\" \/><\/p>\n<p>&nbsp;<\/p>\n<p style=\"text-align: justify;\">Visando melhorar o atendimento fizemos contato com <span style=\"color: #00cc99;\"><b><i>NEU Air Moving Technologies <\/i><\/b><\/span><b>, <\/b>renomada empresa internacional\u00a0 com sede na Fran\u00e7a, atua no mundo inteiro, n\u00e3o apenas\u00a0 no manuseio de s\u00f3lidos a granel, mas tamb\u00e9m no controle de polui\u00e7\u00e3o com sistemas de desempoeiramento, filtros de mangas \/ bolsas\u00a0 ( ou cartuchos), ventila\u00e7\u00e3o e ventiladores,\u00a0 transporte de res\u00edduos, etc .<\/p>\n<p style=\"text-align: justify;\">A <span style=\"color: #00cc99;\"><b><i>NEU Air Moving Technologies<\/i><\/b><\/span> trabalha nessas atividades h\u00e1 mais de 120 anos , com instala\u00e7\u00f5es e equipamentos vendidos para grandes empresas internacionais nos mais variados ramos industriais.<\/p>\n<p style=\"text-align: justify;\">O grupo <b><i><span style=\"color: #00cc99;\">NEU Air Moving Technologies<\/span>\u00a0 <\/i><\/b>\u00e9\u00a0 composto por empresas em ramos espec\u00edficos visando um atendimento dedicado \u00e0s necessidades dos clientes, s\u00e3o elas:<img loading=\"lazy\" decoding=\"async\" class=\"size-full wp-image-240 aligncenter\" src=\"http:\/\/tecnin-tecnologia.com.br\/site\/wp-content\/uploads\/2017\/11\/neuNeu.png\" alt=\"\" width=\"524\" height=\"153\" srcset=\"http:\/\/tecnin-tecnologia.com.br\/site\/wp-content\/uploads\/2017\/11\/neuNeu.png 524w, http:\/\/tecnin-tecnologia.com.br\/site\/wp-content\/uploads\/2017\/11\/neuNeu-300x88.png 300w\" sizes=\"auto, (max-width: 524px) 100vw, 524px\" \/>Desse contato resultou uma parceria t\u00e9cnico-comercial entre TECNIN e NEU que buscar\u00e1 grandes resultados junto ao mercado brasileiro dada a conhecida experi\u00eancia e capacidade t\u00e9cnica do Grupo NEU, aliada \u00e0 viv\u00eancia da TECNIN .<\/p>\n","protected":false},"excerpt":{"rendered":"<p>A TECNIN \u00e9 uma empresa brasileira que atua no mercado h\u00e1 mais de 15 anos, especialmente voltada a\u00a0 projetos de engenharia e consultoria para as \u00e1reas de manuseio de s\u00f3lidos a granel, transporte pneum\u00e1tico, despoeriamento e ventila\u00e7\u00e3o industrial. Em busca<\/p>\n","protected":false},"author":1,"featured_media":0,"parent":0,"menu_order":0,"comment_status":"closed","ping_status":"closed","template":"","meta":{"footnotes":""},"class_list":["post-62","page","type-page","status-publish","hentry"],"_links":{"self":[{"href":"http:\/\/tecnin-tecnologia.com.br\/site\/wp-json\/wp\/v2\/pages\/62","targetHints":{"allow":["GET"]}}],"collection":[{"href":"http:\/\/tecnin-tecnologia.com.br\/site\/wp-json\/wp\/v2\/pages"}],"about":[{"href":"http:\/\/tecnin-tecnologia.com.br\/site\/wp-json\/wp\/v2\/types\/page"}],"author":[{"embeddable":true,"href":"http:\/\/tecnin-tecnologia.com.br\/site\/wp-json\/wp\/v2\/users\/1"}],"replies":[{"embeddable":true,"href":"http:\/\/tecnin-tecnologia.com.br\/site\/wp-json\/wp\/v2\/comments?post=62"}],"version-history":[{"count":24,"href":"http:\/\/tecnin-tecnologia.com.br\/site\/wp-json\/wp\/v2\/pages\/62\/revisions"}],"predecessor-version":[{"id":245,"href":"http:\/\/tecnin-tecnologia.com.br\/site\/wp-json\/wp\/v2\/pages\/62\/revisions\/245"}],"wp:attachment":[{"href":"http:\/\/tecnin-tecnologia.com.br\/site\/wp-json\/wp\/v2\/media?parent=62"}],"curies":[{"name":"wp","href":"https:\/\/api.w.org\/{rel}","templated":true}]}}