{"id":64,"date":"2017-03-31T18:35:26","date_gmt":"2017-03-31T21:35:26","guid":{"rendered":"http:\/\/tecnin-tecnologia.com.br\/site\/?page_id=64"},"modified":"2018-01-31T11:02:20","modified_gmt":"2018-01-31T13:02:20","slug":"servicos","status":"publish","type":"page","link":"http:\/\/tecnin-tecnologia.com.br\/site\/servicos\/","title":{"rendered":"Servi\u00e7os"},"content":{"rendered":"<p><strong>Solu\u00e7\u00f5es Engenheiradas para o Adequado Manuseio de S\u00f3lidos a Granel<\/strong><\/p>\n<p style=\"text-align: justify;\">As solu\u00e7\u00f5es apresentadas pela TECNIN s\u00e3o espec\u00edficas e ajustadas para as necessidades de cada projeto, que v\u00e3o desde conceito global do sistema em\u00a0quest\u00e3o, bem como dos detalhes importantes que devem ser considerados para que cada componente do conjunto opere dentro dos n\u00edveis esperados para\u00a0que toda a instala\u00e7\u00e3o tenha um desempenho m\u00e1ximo.<\/p>\n<p style=\"text-align: justify;\">Um ponto important\u00edssimo a ser considerado \u00e9 a pouca aten\u00e7\u00e3o que \u00e9 dada ao manuseio dos s\u00f3lidos a granel pela maioria dos clientes e empresas de\u00a0engenharia, normalmente relegado a segundo plano. \u00c9 sempre adquirido por \u00faltimo na maioria dos casos, e considerado como um item auxiliar ou mesmo\u00a0secund\u00e1rio.<\/p>\n<p style=\"text-align: justify;\">Entretanto, a movimenta\u00e7\u00e3o de produtos a granel, quando concebido sem a an\u00e1lise adequada dos s\u00f3lidos que ser\u00e3o utilizados no processo, sem o projeto\u00a0correto de equipamentos ou mesmo escolha e compra de equipamentos de forma err\u00f4nea, poder\u00e1 ser a maior causa de inoper\u00e2ncia da planta, com\u00a0dificuldades de posta em marcha, problemas com ajustes de pesagem e dosagem, capacidades insuficientes, paradas constantes, etc., gerando custos n\u00e3o\u00a0previstos, como modifica\u00e7\u00f5es em equipamentos novos, troca de componentes para que se atinja o ponto de trabalho previsto no projeto, dentre outros.<\/p>\n<p style=\"text-align: justify;\">Temos que pensar que ao utilizarmos sistemas de manuseio de s\u00f3lidos a granel, eles se tornam o cora\u00e7\u00e3o da f\u00e1brica, qualquer problema ou falha, qual seja a\u00a0raz\u00e3o implicar\u00e1 diretamente em preju\u00edzos na produ\u00e7\u00e3o.<\/p>\n<p style=\"text-align: justify;\">Isto \u00e9 um problema recorrente, que pode ser solucionado com planejamento adequado e com an\u00e1lise detalhada do projeto, seja tanto na concep\u00e7\u00e3o como na\u00a0execu\u00e7\u00e3o, os componentes do sistema de movimenta\u00e7\u00e3o n\u00e3o devem ser considerados como meros coadjuvantes do processo, mas como uma ponte entre\u00a0recebimento das produtos brutos e o produto final.<\/p>\n<p>Oferecemos uma ampla gama de servi\u00e7os t\u00e9cnicos na \u00e1rea de manuseio de s\u00f3lidos a granel, que incluem:<\/p>\n<p><strong>Consultoria T\u00e9cnica:<img loading=\"lazy\" decoding=\"async\" class=\"alignright wp-image-320\" src=\"http:\/\/tecnin-tecnologia.com.br\/site\/wp-content\/uploads\/2018\/01\/Imagem1.jpg\" alt=\"\" width=\"300\" height=\"293\" \/><\/strong><\/p>\n<ul>\n<li><strong>Estudos Preliminares com Previs\u00e3o de Investimentos<\/strong><\/li>\n<li><strong>Implementa\u00e7\u00e3o de Melhorias em Projetos Existentes<\/strong><\/li>\n<\/ul>\n<p><strong>Engenharia e Projeto:<\/strong><\/p>\n<ul>\n<li><strong>Projeto B\u00e1sico e Detalhado da Instala\u00e7\u00e3o<\/strong><\/li>\n<li><strong>Detalhamento de Projetos de Fabrica\u00e7\u00e3o de Componentes Espec\u00edficos<\/strong><\/li>\n<li><strong>Especifica\u00e7\u00f5es de Compra para Equipamentos<\/strong><\/li>\n<\/ul>\n<p><strong>Media\u00e7\u00e3o em Situa\u00e7\u00f5es de\u00a0<\/strong><b>Litigio.<\/b><\/p>\n","protected":false},"excerpt":{"rendered":"<p>Solu\u00e7\u00f5es Engenheiradas para o Adequado Manuseio de S\u00f3lidos a Granel As solu\u00e7\u00f5es apresentadas pela TECNIN s\u00e3o espec\u00edficas e ajustadas para as necessidades de cada projeto, que v\u00e3o desde conceito global do sistema em\u00a0quest\u00e3o, bem como dos detalhes importantes que devem<\/p>\n","protected":false},"author":1,"featured_media":0,"parent":0,"menu_order":0,"comment_status":"closed","ping_status":"closed","template":"","meta":{"footnotes":""},"class_list":["post-64","page","type-page","status-publish","hentry"],"_links":{"self":[{"href":"http:\/\/tecnin-tecnologia.com.br\/site\/wp-json\/wp\/v2\/pages\/64","targetHints":{"allow":["GET"]}}],"collection":[{"href":"http:\/\/tecnin-tecnologia.com.br\/site\/wp-json\/wp\/v2\/pages"}],"about":[{"href":"http:\/\/tecnin-tecnologia.com.br\/site\/wp-json\/wp\/v2\/types\/page"}],"author":[{"embeddable":true,"href":"http:\/\/tecnin-tecnologia.com.br\/site\/wp-json\/wp\/v2\/users\/1"}],"replies":[{"embeddable":true,"href":"http:\/\/tecnin-tecnologia.com.br\/site\/wp-json\/wp\/v2\/comments?post=64"}],"version-history":[{"count":15,"href":"http:\/\/tecnin-tecnologia.com.br\/site\/wp-json\/wp\/v2\/pages\/64\/revisions"}],"predecessor-version":[{"id":323,"href":"http:\/\/tecnin-tecnologia.com.br\/site\/wp-json\/wp\/v2\/pages\/64\/revisions\/323"}],"wp:attachment":[{"href":"http:\/\/tecnin-tecnologia.com.br\/site\/wp-json\/wp\/v2\/media?parent=64"}],"curies":[{"name":"wp","href":"https:\/\/api.w.org\/{rel}","templated":true}]}}